{"id":1015,"date":"2024-02-01T10:05:38","date_gmt":"2024-02-01T10:05:38","guid":{"rendered":"http:\/\/veno.happyagency.nl\/?page_id=1015"},"modified":"2024-07-15T08:32:33","modified_gmt":"2024-07-15T08:32:33","slug":"firmar-distribuidor","status":"publish","type":"page","link":"https:\/\/venowood.com\/es\/aanmelden-dealer\/","title":{"rendered":"H\u00e1gase socio"},"content":{"rendered":"\t\t<div data-elementor-type=\"wp-page\" data-elementor-id=\"1015\" class=\"elementor elementor-1015\" data-elementor-post-type=\"page\">\n\t\t\t\t<div class=\"elementor-element elementor-element-6df0cec e-con-full e-flex e-con e-parent\" data-id=\"6df0cec\" data-element_type=\"container\" data-e-type=\"container\">\n\t\t<div class=\"elementor-element elementor-element-4f1c348 e-flex e-con-boxed e-con e-child\" data-id=\"4f1c348\" data-element_type=\"container\" data-e-type=\"container\" data-settings=\"{&quot;background_background&quot;:&quot;classic&quot;,&quot;shape_divider_bottom&quot;:&quot;curve&quot;,&quot;shape_divider_bottom_negative&quot;:&quot;yes&quot;}\">\n\t\t\t\t\t<div class=\"e-con-inner\">\n\t\t\t\t<div class=\"elementor-shape elementor-shape-bottom\" aria-hidden=\"true\" data-negative=\"true\">\n\t\t\t<svg xmlns=\"http:\/\/www.w3.org\/2000\/svg\" viewBox=\"0 0 1000 100\" preserveAspectRatio=\"none\">\n\t<path class=\"elementor-shape-fill\" d=\"M500,97C126.7,96.3,0.8,19.8,0,0v100l1000,0V1C1000,19.4,873.3,97.8,500,97z\"\/>\n<\/svg>\t\t<\/div>\n\t\t\t\t\t<\/div>\n\t\t\t\t<\/div>\n\t\t\t\t<\/div>\n\t\t<div class=\"elementor-element elementor-element-fb0a662 e-flex e-con-boxed e-con e-parent\" data-id=\"fb0a662\" data-element_type=\"container\" data-e-type=\"container\">\n\t\t\t\t\t<div class=\"e-con-inner\">\n\t\t<div class=\"elementor-element elementor-element-ee86456 e-con-full e-flex e-con e-child\" data-id=\"ee86456\" data-element_type=\"container\" data-e-type=\"container\">\n\t\t\t\t<div class=\"elementor-element elementor-element-b64b254 elementor-widget elementor-widget-heading\" data-id=\"b64b254\" data-element_type=\"widget\" data-e-type=\"widget\" data-widget_type=\"heading.default\">\n\t\t\t\t<div class=\"elementor-widget-container\">\n\t\t\t\t\t<h1 class=\"elementor-heading-title elementor-size-default\">Partner worden van Veno Wood Flooring?<\/h1>\t\t\t\t<\/div>\n\t\t\t\t<\/div>\n\t\t<div class=\"elementor-element elementor-element-4939802 e-flex e-con-boxed e-con e-child\" data-id=\"4939802\" data-element_type=\"container\" data-e-type=\"container\">\n\t\t\t\t\t<div class=\"e-con-inner\">\n\t\t\t\t<div class=\"elementor-element elementor-element-2e0819a elementor-widget elementor-widget-text-editor\" data-id=\"2e0819a\" data-element_type=\"widget\" data-e-type=\"widget\" data-widget_type=\"text-editor.default\">\n\t\t\t\t<div class=\"elementor-widget-container\">\n\t\t\t\t\t\t\t\t\t<p>Door partner te worden van Veno Wood Flooring, krijgt u toegang tot een uitgebreide collectie van premium houten vloeren en wandbekleding, die perfect aansluiten bij de wensen van uw klanten.<\/p>\t\t\t\t\t\t\t\t<\/div>\n\t\t\t\t<\/div>\n\t\t\t\t<div class=\"elementor-element elementor-element-45a7683 elementor-button-align-start elementor-widget elementor-widget-form\" data-id=\"45a7683\" data-element_type=\"widget\" data-e-type=\"widget\" data-settings=\"{&quot;step_next_label&quot;:&quot;Verstuur&quot;,&quot;step_previous_label&quot;:&quot;Previous&quot;,&quot;button_width&quot;:&quot;100&quot;,&quot;step_type&quot;:&quot;number_text&quot;,&quot;step_icon_shape&quot;:&quot;circle&quot;}\" data-widget_type=\"form.default\">\n\t\t\t\t<div class=\"elementor-widget-container\">\n\t\t\t\t\t\t\t<form class=\"elementor-form\" method=\"post\" name=\"Partner worden\" aria-label=\"Partner worden\">\n\t\t\t<input type=\"hidden\" name=\"post_id\" value=\"1015\"\/>\n\t\t\t<input type=\"hidden\" name=\"form_id\" value=\"45a7683\"\/>\n\t\t\t<input type=\"hidden\" name=\"referer_title\" value=\"Partner worden\" \/>\n\n\t\t\t\t\t\t\t<input type=\"hidden\" name=\"queried_id\" value=\"1015\"\/>\n\t\t\t\n\t\t\t<div class=\"elementor-form-fields-wrapper elementor-labels-\">\n\t\t\t\t\t\t\t\t<div class=\"elementor-field-type-text elementor-field-group elementor-column elementor-field-group-name elementor-col-50\">\n\t\t\t\t\t\t\t\t\t\t\t\t<label for=\"form-field-name\" class=\"elementor-field-label elementor-screen-only\">\n\t\t\t\t\t\t\t\tVoornaam\t\t\t\t\t\t\t<\/label>\n\t\t\t\t\t\t\t\t\t\t\t\t\t\t<input size=\"1\" type=\"text\" name=\"form_fields[name]\" id=\"form-field-name\" class=\"elementor-field elementor-size-sm  elementor-field-textual\" placeholder=\"Voornaam\">\n\t\t\t\t\t\t\t\t\t\t\t<\/div>\n\t\t\t\t\t\t\t\t<div class=\"elementor-field-type-text elementor-field-group elementor-column elementor-field-group-field_b55022d elementor-col-50\">\n\t\t\t\t\t\t\t\t\t\t\t\t<label for=\"form-field-field_b55022d\" class=\"elementor-field-label elementor-screen-only\">\n\t\t\t\t\t\t\t\tAchternaam\t\t\t\t\t\t\t<\/label>\n\t\t\t\t\t\t\t\t\t\t\t\t\t\t<input size=\"1\" type=\"text\" name=\"form_fields[field_b55022d]\" id=\"form-field-field_b55022d\" class=\"elementor-field elementor-size-sm  elementor-field-textual\" placeholder=\"Achternaam\">\n\t\t\t\t\t\t\t\t\t\t\t<\/div>\n\t\t\t\t\t\t\t\t<div class=\"elementor-field-type-text elementor-field-group elementor-column elementor-field-group-field_f8f2c64 elementor-col-100\">\n\t\t\t\t\t\t\t\t\t\t\t\t<label for=\"form-field-field_f8f2c64\" class=\"elementor-field-label elementor-screen-only\">\n\t\t\t\t\t\t\t\tBedrijf\t\t\t\t\t\t\t<\/label>\n\t\t\t\t\t\t\t\t\t\t\t\t\t\t<input size=\"1\" type=\"text\" name=\"form_fields[field_f8f2c64]\" id=\"form-field-field_f8f2c64\" class=\"elementor-field elementor-size-sm  elementor-field-textual\" placeholder=\"Bedrijf\">\n\t\t\t\t\t\t\t\t\t\t\t<\/div>\n\t\t\t\t\t\t\t\t<div class=\"elementor-field-type-email elementor-field-group elementor-column elementor-field-group-email elementor-col-50 elementor-field-required\">\n\t\t\t\t\t\t\t\t\t\t\t\t<label for=\"form-field-email\" class=\"elementor-field-label elementor-screen-only\">\n\t\t\t\t\t\t\t\tEmail\t\t\t\t\t\t\t<\/label>\n\t\t\t\t\t\t\t\t\t\t\t\t\t\t<input size=\"1\" type=\"email\" name=\"form_fields[email]\" id=\"form-field-email\" class=\"elementor-field elementor-size-sm  elementor-field-textual\" placeholder=\"Email\" required=\"required\">\n\t\t\t\t\t\t\t\t\t\t\t<\/div>\n\t\t\t\t\t\t\t\t<div class=\"elementor-field-type-tel elementor-field-group elementor-column elementor-field-group-field_5436e4e elementor-col-50 elementor-field-required\">\n\t\t\t\t\t\t\t\t\t\t\t\t<label for=\"form-field-field_5436e4e\" class=\"elementor-field-label elementor-screen-only\">\n\t\t\t\t\t\t\t\tTelefoon\t\t\t\t\t\t\t<\/label>\n\t\t\t\t\t\t\t\t<input size=\"1\" type=\"tel\" name=\"form_fields[field_5436e4e]\" id=\"form-field-field_5436e4e\" class=\"elementor-field elementor-size-sm  elementor-field-textual\" placeholder=\"Telefoon\" required=\"required\" pattern=\"[0-9()#&amp;+*-=.]+\" title=\"Alleen getallen en telefoontekens (#, -, *, enz.) worden geaccepteerd.\">\n\n\t\t\t\t\t\t<\/div>\n\t\t\t\t\t\t\t\t<div class=\"elementor-field-type-text elementor-field-group elementor-column elementor-field-group-field_8e47ab7 elementor-col-100 elementor-field-required\">\n\t\t\t\t\t\t\t\t\t\t\t\t<label for=\"form-field-field_8e47ab7\" class=\"elementor-field-label elementor-screen-only\">\n\t\t\t\t\t\t\t\tPostcode\t\t\t\t\t\t\t<\/label>\n\t\t\t\t\t\t\t\t\t\t\t\t\t\t<input size=\"1\" type=\"text\" name=\"form_fields[field_8e47ab7]\" id=\"form-field-field_8e47ab7\" class=\"elementor-field elementor-size-sm  elementor-field-textual\" placeholder=\"Postcode\" required=\"required\">\n\t\t\t\t\t\t\t\t\t\t\t<\/div>\n\t\t\t\t\t\t\t\t<div class=\"elementor-field-type-text elementor-field-group elementor-column elementor-field-group-field_10fbeb3 elementor-col-100 elementor-field-required\">\n\t\t\t\t\t\t\t\t\t\t\t\t<label for=\"form-field-field_10fbeb3\" class=\"elementor-field-label elementor-screen-only\">\n\t\t\t\t\t\t\t\tStraat & huisnummer\t\t\t\t\t\t\t<\/label>\n\t\t\t\t\t\t\t\t\t\t\t\t\t\t<input size=\"1\" type=\"text\" name=\"form_fields[field_10fbeb3]\" id=\"form-field-field_10fbeb3\" class=\"elementor-field elementor-size-sm  elementor-field-textual\" placeholder=\"Straat &amp; huisnummer\" required=\"required\">\n\t\t\t\t\t\t\t\t\t\t\t<\/div>\n\t\t\t\t\t\t\t\t<div class=\"elementor-field-type-text elementor-field-group elementor-column elementor-field-group-field_4f5fc16 elementor-col-100 elementor-field-required\">\n\t\t\t\t\t\t\t\t\t\t\t\t<label for=\"form-field-field_4f5fc16\" class=\"elementor-field-label elementor-screen-only\">\n\t\t\t\t\t\t\t\tPlaats\t\t\t\t\t\t\t<\/label>\n\t\t\t\t\t\t\t\t\t\t\t\t\t\t<input size=\"1\" type=\"text\" name=\"form_fields[field_4f5fc16]\" id=\"form-field-field_4f5fc16\" class=\"elementor-field elementor-size-sm  elementor-field-textual\" placeholder=\"Plaats\" required=\"required\">\n\t\t\t\t\t\t\t\t\t\t\t<\/div>\n\t\t\t\t\t\t\t\t<div class=\"elementor-field-type-text elementor-field-group elementor-column elementor-field-group-field_1f5b56f elementor-col-100 elementor-field-required\">\n\t\t\t\t\t\t\t\t\t\t\t\t<label for=\"form-field-field_1f5b56f\" class=\"elementor-field-label elementor-screen-only\">\n\t\t\t\t\t\t\t\tBTW Nummer\t\t\t\t\t\t\t<\/label>\n\t\t\t\t\t\t\t\t\t\t\t\t\t\t<input size=\"1\" type=\"text\" name=\"form_fields[field_1f5b56f]\" id=\"form-field-field_1f5b56f\" class=\"elementor-field elementor-size-sm  elementor-field-textual\" placeholder=\"BTW Nummer\" required=\"required\">\n\t\t\t\t\t\t\t\t\t\t\t<\/div>\n\t\t\t\t\t\t\t\t<div class=\"elementor-field-type-textarea elementor-field-group elementor-column elementor-field-group-field_3bd4578 elementor-col-100\">\n\t\t\t\t\t\t\t\t\t\t\t\t<label for=\"form-field-field_3bd4578\" class=\"elementor-field-label elementor-screen-only\">\n\t\t\t\t\t\t\t\tBericht\t\t\t\t\t\t\t<\/label>\n\t\t\t\t\t\t<textarea class=\"elementor-field-textual elementor-field  elementor-size-sm\" name=\"form_fields[field_3bd4578]\" id=\"form-field-field_3bd4578\" rows=\"4\" placeholder=\"Bericht\"><\/textarea>\t\t\t\t<\/div>\n\t\t\t\t\t\t\t\t<div class=\"elementor-field-group elementor-column elementor-field-type-submit elementor-col-100 e-form__buttons\">\n\t\t\t\t\t<button class=\"elementor-button elementor-size-md\" type=\"submit\">\n\t\t\t\t\t\t<span class=\"elementor-button-content-wrapper\">\n\t\t\t\t\t\t\t\t\t\t\t\t\t\t\t\t\t\t\t\t\t\t<span class=\"elementor-button-text\">Aanmelden<\/span>\n\t\t\t\t\t\t\t\t\t\t\t\t\t<\/span>\n\t\t\t\t\t<\/button>\n\t\t\t\t<\/div>\n\t\t\t<\/div>\n\t\t<input\n                    class=\"apbct_special_field apbct_email_id__elementor_form\"\n                    name=\"apbct__email_id__elementor_form\"\n                    aria-label=\"apbct__label_id__elementor_form\"\n                    type=\"text\" size=\"30\" maxlength=\"200\" autocomplete=\"off\"\n                    value=\"\"\n                \/><\/form>\n\t\t\t\t\t\t<\/div>\n\t\t\t\t<\/div>\n\t\t\t\t\t<\/div>\n\t\t\t\t<\/div>\n\t\t\t\t<\/div>\n\t\t<div class=\"elementor-element elementor-element-fe50a48 e-con-full e-flex e-con e-child\" data-id=\"fe50a48\" data-element_type=\"container\" data-e-type=\"container\">\n\t\t<div class=\"elementor-element elementor-element-5f74168 e-flex e-con-boxed e-con e-child\" data-id=\"5f74168\" data-element_type=\"container\" data-e-type=\"container\">\n\t\t\t\t\t<div class=\"e-con-inner\">\n\t\t\t\t<div class=\"elementor-element elementor-element-839224b elementor-widget elementor-widget-image\" data-id=\"839224b\" data-element_type=\"widget\" data-e-type=\"widget\" data-widget_type=\"image.default\">\n\t\t\t\t<div class=\"elementor-widget-container\">\n\t\t\t\t\t\t\t\t\t\t\t\t\t\t\t<img fetchpriority=\"high\" decoding=\"async\" width=\"600\" height=\"430\" src=\"https:\/\/venowood.com\/wp-content\/uploads\/2024\/06\/Zicco-Veno.webp\" class=\"attachment-large size-large wp-image-4139\" alt=\"\" srcset=\"https:\/\/venowood.com\/wp-content\/uploads\/2024\/06\/Zicco-Veno.webp 600w, https:\/\/venowood.com\/wp-content\/uploads\/2024\/06\/Zicco-Veno-300x215.png 300w, https:\/\/venowood.com\/wp-content\/uploads\/2024\/06\/Zicco-Veno-18x12.webp 18w\" sizes=\"(max-width: 600px) 100vw, 600px\" \/>\t\t\t\t\t\t\t\t\t\t\t\t\t\t\t<\/div>\n\t\t\t\t<\/div>\n\t\t\t\t\t<\/div>\n\t\t\t\t<\/div>\n\t\t\t\t<\/div>\n\t\t\t\t\t<\/div>\n\t\t\t\t<\/div>\n\t\t<div class=\"elementor-element elementor-element-2528f5c e-flex e-con-boxed e-con e-parent\" data-id=\"2528f5c\" data-element_type=\"container\" data-e-type=\"container\">\n\t\t\t\t\t<div class=\"e-con-inner\">\n\t\t\t\t<div class=\"elementor-element elementor-element-99dca90 elementor-widget elementor-widget-image\" data-id=\"99dca90\" data-element_type=\"widget\" data-e-type=\"widget\" data-widget_type=\"image.default\">\n\t\t\t\t<div class=\"elementor-widget-container\">\n\t\t\t\t\t\t\t\t\t\t\t\t\t\t\t<img decoding=\"async\" width=\"1800\" height=\"1200\" src=\"https:\/\/venowood.com\/wp-content\/uploads\/2024\/06\/VENO-232.webp\" class=\"attachment-full size-full wp-image-4222\" alt=\"\" srcset=\"https:\/\/venowood.com\/wp-content\/uploads\/2024\/06\/VENO-232.webp 1800w, https:\/\/venowood.com\/wp-content\/uploads\/2024\/06\/VENO-232-300x200.jpg 300w, https:\/\/venowood.com\/wp-content\/uploads\/2024\/06\/VENO-232-1024x682.webp 1024w, https:\/\/venowood.com\/wp-content\/uploads\/2024\/06\/VENO-232-768x512.webp 768w, https:\/\/venowood.com\/wp-content\/uploads\/2024\/06\/VENO-232-1536x1024.webp 1536w, https:\/\/venowood.com\/wp-content\/uploads\/2024\/06\/VENO-232-18x12.webp 18w\" sizes=\"(max-width: 1800px) 100vw, 1800px\" \/>\t\t\t\t\t\t\t\t\t\t\t\t\t\t\t<\/div>\n\t\t\t\t<\/div>\n\t\t\t\t\t<\/div>\n\t\t\t\t<\/div>\n\t\t\t\t<\/div>\n\t\t","protected":false},"excerpt":{"rendered":"<p>\u00bfC\u00f3mo convertirse en socio de Veno Wood Flooring? Al convertirse en socio de Veno Wood Flooring, tendr\u00e1 acceso a una amplia colecci\u00f3n de suelos de madera y revestimientos murales de primera calidad, que se adaptan perfectamente a las necesidades de sus clientes.<\/p>","protected":false},"author":1,"featured_media":3537,"parent":0,"menu_order":0,"comment_status":"closed","ping_status":"closed","template":"elementor_header_footer","meta":{"_acf_changed":false,"footnotes":""},"class_list":["post-1015","page","type-page","status-publish","has-post-thumbnail","hentry"],"acf":[],"_links":{"self":[{"href":"https:\/\/venowood.com\/es\/wp-json\/wp\/v2\/pages\/1015"}],"collection":[{"href":"https:\/\/venowood.com\/es\/wp-json\/wp\/v2\/pages"}],"about":[{"href":"https:\/\/venowood.com\/es\/wp-json\/wp\/v2\/types\/page"}],"author":[{"embeddable":true,"href":"https:\/\/venowood.com\/es\/wp-json\/wp\/v2\/users\/1"}],"replies":[{"embeddable":true,"href":"https:\/\/venowood.com\/es\/wp-json\/wp\/v2\/comments?post=1015"}],"version-history":[{"count":50,"href":"https:\/\/venowood.com\/es\/wp-json\/wp\/v2\/pages\/1015\/revisions"}],"predecessor-version":[{"id":4683,"href":"https:\/\/venowood.com\/es\/wp-json\/wp\/v2\/pages\/1015\/revisions\/4683"}],"wp:featuredmedia":[{"embeddable":true,"href":"https:\/\/venowood.com\/es\/wp-json\/wp\/v2\/media\/3537"}],"wp:attachment":[{"href":"https:\/\/venowood.com\/es\/wp-json\/wp\/v2\/media?parent=1015"}],"curies":[{"name":"wp","href":"https:\/\/api.w.org\/{rel}","templated":true}]}}